{"id":7956,"date":"2019-04-25T13:57:11","date_gmt":"2019-04-25T13:57:11","guid":{"rendered":"http:\/\/www.grcw-ev.de\/?page_id=7956"},"modified":"2019-05-06T09:41:16","modified_gmt":"2019-05-06T08:41:16","slug":"der-verein-aufnahmeantrag","status":"publish","type":"page","link":"https:\/\/www.grcw-ev.de\/?page_id=7956","title":{"rendered":"Der Verein &#8211; Aufnahmeantrag"},"content":{"rendered":"\t\t<div data-elementor-type=\"wp-post\" data-elementor-id=\"7956\" class=\"elementor elementor-7956\" data-elementor-post-type=\"page\">\n\t\t\t\t\t\t<section class=\"elementor-section elementor-top-section elementor-element elementor-element-be34581 elementor-section-boxed elementor-section-height-default elementor-section-height-default\" data-id=\"be34581\" data-element_type=\"section\" data-e-type=\"section\">\n\t\t\t\t\t\t<div class=\"elementor-container elementor-column-gap-default\">\n\t\t\t\t\t<div class=\"elementor-column elementor-col-100 elementor-top-column elementor-element elementor-element-06837b2\" data-id=\"06837b2\" data-element_type=\"column\" data-e-type=\"column\">\n\t\t\t<div class=\"elementor-widget-wrap elementor-element-populated\">\n\t\t\t\t\t\t<div class=\"elementor-element elementor-element-828b0c7 elementor-widget elementor-widget-text-editor\" data-id=\"828b0c7\" data-element_type=\"widget\" data-e-type=\"widget\" data-widget_type=\"text-editor.default\">\n\t\t\t\t<div class=\"elementor-widget-container\">\n\t\t\t\t\t\t\t\t\t<p>Wer Mitglied im Verein werden\u00a0<br \/>und uns bei der Arbeit tatkr\u00e4ftig oder monit\u00e4r unterst\u00fctzen m\u00f6chte,<br \/>der m\u00f6ge bitte den <a href=\"https:\/\/www.grcw-ev.de\/wp-content\/uploads\/2019\/04\/Aufnahmeantrag.pdf\">Aufnahmeantrag<\/a> ausf\u00fcllen, unterschreiben und an unseren Schriftf\u00fchrer:<\/p><p>Jens Kambach<br \/>Zur Pferdeweide 23a<br \/>27777Ganderkesee<\/p><p>schicken, an info@grcw-ev.de mailen oder an 04223\/921314 faxen.<\/p>\t\t\t\t\t\t\t\t<\/div>\n\t\t\t\t<\/div>\n\t\t\t\t\t<\/div>\n\t\t<\/div>\n\t\t\t\t\t<\/div>\n\t\t<\/section>\n\t\t\t\t<section class=\"elementor-section elementor-top-section elementor-element elementor-element-541bdcf elementor-section-boxed elementor-section-height-default elementor-section-height-default\" data-id=\"541bdcf\" data-element_type=\"section\" data-e-type=\"section\">\n\t\t\t\t\t\t<div class=\"elementor-container elementor-column-gap-default\">\n\t\t\t\t\t<div class=\"elementor-column elementor-col-100 elementor-top-column elementor-element elementor-element-19a9275\" data-id=\"19a9275\" data-element_type=\"column\" data-e-type=\"column\">\n\t\t\t<div class=\"elementor-widget-wrap elementor-element-populated\">\n\t\t\t\t\t\t<div class=\"elementor-element elementor-element-5ee96c2 elementor-button-info elementor-align-center elementor-widget elementor-widget-button\" data-id=\"5ee96c2\" data-element_type=\"widget\" data-e-type=\"widget\" data-widget_type=\"button.default\">\n\t\t\t\t<div class=\"elementor-widget-container\">\n\t\t\t\t\t\t\t\t\t<div class=\"elementor-button-wrapper\">\n\t\t\t\t\t<a class=\"elementor-button elementor-button-link elementor-size-xl\" href=\"https:\/\/www.grcw-ev.de\/?attachment_id=8013\">\n\t\t\t\t\t\t<span class=\"elementor-button-content-wrapper\">\n\t\t\t\t\t\t<span class=\"elementor-button-icon\">\n\t\t\t\t\t\t\t\t\t<i class=\"fa fa-automobile\" aria-hidden=\"true\"><\/i>\n\t\t\t\t\t\t\t<\/span>\n\t\t\t\t\t\t\t\t\t<span class=\"elementor-button-text\">Aufnahmeantrag<\/span>\n\t\t\t\t\t<\/span>\n\t\t\t\t\t<\/a>\n\t\t\t\t<\/div>\n\t\t\t\t\t\t\t\t<\/div>\n\t\t\t\t<\/div>\n\t\t\t\t\t<\/div>\n\t\t<\/div>\n\t\t\t\t\t<\/div>\n\t\t<\/section>\n\t\t\t\t<section class=\"elementor-section elementor-top-section elementor-element elementor-element-bdb70ed elementor-section-boxed elementor-section-height-default elementor-section-height-default\" data-id=\"bdb70ed\" data-element_type=\"section\" data-e-type=\"section\">\n\t\t\t\t\t\t<div class=\"elementor-container elementor-column-gap-default\">\n\t\t\t\t\t<div class=\"elementor-column elementor-col-100 elementor-top-column elementor-element elementor-element-a687215\" data-id=\"a687215\" data-element_type=\"column\" data-e-type=\"column\">\n\t\t\t<div class=\"elementor-widget-wrap elementor-element-populated\">\n\t\t\t\t\t\t<div class=\"elementor-element elementor-element-6879ace elementor-widget elementor-widget-text-editor\" data-id=\"6879ace\" data-element_type=\"widget\" data-e-type=\"widget\" data-widget_type=\"text-editor.default\">\n\t\t\t\t<div class=\"elementor-widget-container\">\n\t\t\t\t\t\t\t\t\t<p>Da bei Vereinsveranstaltungen regelm\u00e4\u00dfig auch gefilmt werden wird und wir diese Bilder zu Werbezwecken und zur F\u00f6rderung unseres gemeinsamen Hobbys verwenden m\u00f6chten, bitten wir Euch auch die folgende Einwilligungserkl\u00e4rung auszuf\u00fcllen und zusammen mit dem Aufnahmeantrag oder zu einem Treffen mitzubringen.<\/p>\t\t\t\t\t\t\t\t<\/div>\n\t\t\t\t<\/div>\n\t\t\t\t\t<\/div>\n\t\t<\/div>\n\t\t\t\t\t<\/div>\n\t\t<\/section>\n\t\t\t\t<section class=\"elementor-section elementor-top-section elementor-element elementor-element-c153217 elementor-section-boxed elementor-section-height-default elementor-section-height-default\" data-id=\"c153217\" data-element_type=\"section\" data-e-type=\"section\">\n\t\t\t\t\t\t<div class=\"elementor-container elementor-column-gap-default\">\n\t\t\t\t\t<div class=\"elementor-column elementor-col-100 elementor-top-column elementor-element elementor-element-b19010c\" data-id=\"b19010c\" data-element_type=\"column\" data-e-type=\"column\">\n\t\t\t<div class=\"elementor-widget-wrap elementor-element-populated\">\n\t\t\t\t\t\t<div class=\"elementor-element elementor-element-0073dce elementor-align-center elementor-widget elementor-widget-button\" data-id=\"0073dce\" data-element_type=\"widget\" data-e-type=\"widget\" data-widget_type=\"button.default\">\n\t\t\t\t<div class=\"elementor-widget-container\">\n\t\t\t\t\t\t\t\t\t<div class=\"elementor-button-wrapper\">\n\t\t\t\t\t<a class=\"elementor-button elementor-button-link elementor-size-xl\" href=\"https:\/\/www.grcw-ev.de\/wp-content\/uploads\/2019\/05\/Einversta\u0308ndniserkla\u0308rung-GRCW.pdf\">\n\t\t\t\t\t\t<span class=\"elementor-button-content-wrapper\">\n\t\t\t\t\t\t<span class=\"elementor-button-icon\">\n\t\t\t\t\t\t\t\t\t<i class=\"fa fa-camera\" aria-hidden=\"true\"><\/i>\n\t\t\t\t\t\t\t<\/span>\n\t\t\t\t\t\t\t\t\t<span class=\"elementor-button-text\">Einverst\u00e4ndniserkl\u00e4rung<\/span>\n\t\t\t\t\t<\/span>\n\t\t\t\t\t<\/a>\n\t\t\t\t<\/div>\n\t\t\t\t\t\t\t\t<\/div>\n\t\t\t\t<\/div>\n\t\t\t\t\t<\/div>\n\t\t<\/div>\n\t\t\t\t\t<\/div>\n\t\t<\/section>\n\t\t\t\t<\/div>\n\t\t","protected":false},"excerpt":{"rendered":"<p>Wer Mitglied im Verein werden\u00a0und uns bei der Arbeit tatkr\u00e4ftig oder monit\u00e4r unterst\u00fctzen m\u00f6chte,der m\u00f6ge bitte den Aufnahmeantrag ausf\u00fcllen, unterschreiben und an unseren Schriftf\u00fchrer: Jens KambachZur Pferdeweide 23a27777Ganderkesee schicken, an info@grcw-ev.de mailen oder an 04223\/921314 faxen. Aufnahmeantrag Da bei Vereinsveranstaltungen regelm\u00e4\u00dfig auch gefilmt werden wird und wir diese Bilder zu Werbezwecken und zur F\u00f6rderung unseres [&hellip;]<\/p>\n","protected":false},"author":2,"featured_media":0,"parent":7937,"menu_order":1,"comment_status":"closed","ping_status":"closed","template":"elementor_header_footer","meta":{"footnotes":""},"class_list":["post-7956","page","type-page","status-publish","hentry","entry"],"_links":{"self":[{"href":"https:\/\/www.grcw-ev.de\/index.php?rest_route=\/wp\/v2\/pages\/7956","targetHints":{"allow":["GET"]}}],"collection":[{"href":"https:\/\/www.grcw-ev.de\/index.php?rest_route=\/wp\/v2\/pages"}],"about":[{"href":"https:\/\/www.grcw-ev.de\/index.php?rest_route=\/wp\/v2\/types\/page"}],"author":[{"embeddable":true,"href":"https:\/\/www.grcw-ev.de\/index.php?rest_route=\/wp\/v2\/users\/2"}],"replies":[{"embeddable":true,"href":"https:\/\/www.grcw-ev.de\/index.php?rest_route=%2Fwp%2Fv2%2Fcomments&post=7956"}],"version-history":[{"count":16,"href":"https:\/\/www.grcw-ev.de\/index.php?rest_route=\/wp\/v2\/pages\/7956\/revisions"}],"predecessor-version":[{"id":8015,"href":"https:\/\/www.grcw-ev.de\/index.php?rest_route=\/wp\/v2\/pages\/7956\/revisions\/8015"}],"up":[{"embeddable":true,"href":"https:\/\/www.grcw-ev.de\/index.php?rest_route=\/wp\/v2\/pages\/7937"}],"wp:attachment":[{"href":"https:\/\/www.grcw-ev.de\/index.php?rest_route=%2Fwp%2Fv2%2Fmedia&parent=7956"}],"curies":[{"name":"wp","href":"https:\/\/api.w.org\/{rel}","templated":true}]}}