{"id":7986,"date":"2019-04-30T17:40:46","date_gmt":"2019-04-30T16:40:46","guid":{"rendered":"http:\/\/www.grcw-ev.de\/?page_id=7986"},"modified":"2019-04-30T18:11:15","modified_gmt":"2019-04-30T17:11:15","slug":"haftpflichtversicherung","status":"publish","type":"page","link":"https:\/\/www.grcw-ev.de\/?page_id=7986","title":{"rendered":"Der Verein &#8211; Haftpflichtversicherung"},"content":{"rendered":"\t\t<div data-elementor-type=\"wp-post\" data-elementor-id=\"7986\" class=\"elementor elementor-7986\" data-elementor-post-type=\"page\">\n\t\t\t\t\t\t<section class=\"elementor-section elementor-top-section elementor-element elementor-element-142bb90 elementor-section-boxed elementor-section-height-default elementor-section-height-default\" data-id=\"142bb90\" data-element_type=\"section\" data-e-type=\"section\">\n\t\t\t\t\t\t<div class=\"elementor-container elementor-column-gap-default\">\n\t\t\t\t\t<div class=\"elementor-column elementor-col-100 elementor-top-column elementor-element elementor-element-b86a3c7\" data-id=\"b86a3c7\" data-element_type=\"column\" data-e-type=\"column\">\n\t\t\t<div class=\"elementor-widget-wrap elementor-element-populated\">\n\t\t\t\t\t\t<div class=\"elementor-element elementor-element-b7acfe3 elementor-widget elementor-widget-text-editor\" data-id=\"b7acfe3\" data-element_type=\"widget\" data-e-type=\"widget\" data-widget_type=\"text-editor.default\">\n\t\t\t\t<div class=\"elementor-widget-container\">\n\t\t\t\t\t\t\t\t\t<p>Wie wir alle wissen ist die Haftpflichtversicherungen eine der wichtigsten Versicherungen f\u00fcr jeden Privatmann\/-Frau und Familien.<br \/><br \/>Schnell ist mal was passiert und dann ist guter Rat meist teuer \ud83d\ude41<br \/><br \/><\/p><p>Drohnenpiloten und Piloten anderer RC-gesteuerter Flugger\u00e4te kennen das Problem und dort ist es eine echte Pflichtversicherung, leider decken die Versicherungen f\u00fcr Drohnen und Flugmaschinen unsere vierr\u00e4drigen Flugmaschinen nicht ab.<\/p><p>Gerade in unserem Bereich wissen viele Versicherer nicht was wir eigentlich machen und sagen schnell: &#8222;Ja klar RC Autos sind nat\u00fcrlich mitversichert!&#8220;.<br \/>Im Schadensfall, oder auf Nachfrage und Erl\u00e4uterung was wir f\u00fcr H\u00f6llenmaschinen fahren sieht die Welt dann meist schnell anders aus&#8230; Ich denke da gerade an einen guten Freund der mal Nachgefragt hat und feststellen musste, dass sein Gef\u00e4hrt (Speedrun etwas \u00fcber 170 km\/h) eben nicht versichert ist. Bei Ihm waren ferngesteuerte bis 15 km\/h und 3 kg versichert \ud83d\ude09<br \/>Gut das ihm nichts passiert ist!<\/p>\t\t\t\t\t\t\t\t<\/div>\n\t\t\t\t<\/div>\n\t\t\t\t\t<\/div>\n\t\t<\/div>\n\t\t\t\t\t<\/div>\n\t\t<\/section>\n\t\t\t\t<section class=\"elementor-section elementor-top-section elementor-element elementor-element-85fe8af elementor-section-boxed elementor-section-height-default elementor-section-height-default\" data-id=\"85fe8af\" data-element_type=\"section\" data-e-type=\"section\">\n\t\t\t\t\t\t<div class=\"elementor-container elementor-column-gap-default\">\n\t\t\t\t\t<div class=\"elementor-column elementor-col-100 elementor-top-column elementor-element elementor-element-b495012\" data-id=\"b495012\" data-element_type=\"column\" data-e-type=\"column\">\n\t\t\t<div class=\"elementor-widget-wrap elementor-element-populated\">\n\t\t\t\t\t\t<div class=\"elementor-element elementor-element-3135220 elementor-widget elementor-widget-text-editor\" data-id=\"3135220\" data-element_type=\"widget\" data-e-type=\"widget\" data-widget_type=\"text-editor.default\">\n\t\t\t\t<div class=\"elementor-widget-container\">\n\t\t\t\t\t\t\t\t\t<p>Da man aus Fehlern ja bekanntlich lernen kann m\u00f6chten Wir Euch auch dar\u00fcber informieren.<\/p><p>Wir haben mal mit dem guten Mann gesprochen der auch unsere Vereinshaftpflicht und viele unserer Versicherungen betreut, der kennt die Materie da er selber 1\/8er Basher artgerecht bewegt \ud83d\ude09<\/p><p>Somit kam ein nettes kleines Paket zustande das sowohl die Gefahren des tgl. Lebens als auch unseres Hobbys abdecken sollte:<\/p><div class=\"page\" title=\"Page 1\"><div class=\"layoutArea\"><div class=\"column\"><p>Privat-Haftpflicht:<br \/>pauschal fu\u0308r Personen-, Sach- und mitversicherte Vermo\u0308gensscha\u0308den<\/p><p>Mitversichert beim Risiko &#8222;Privat-Haftpflicht&#8220; sind folgende zusa\u0308tzliche Leistungen:<\/p><ul><li style=\"list-style-type: none;\"><ul><li>Versicherungsschutz fu\u0308r die Familie<\/li><li>Kinder bis 21 Jahre oder bis zum Ende der Ausbildung<\/li><li>Scha\u0308den durch nicht deliktsfa\u0308hige Kinder<\/li><li>Scha\u0308den durch Erwachsene, die infolge Demenz deliktsunfa\u0308hig sind<\/li><li>Eigentu\u0308mer oder Mieter selbst genutzter Immobilien<\/li><li>Eigentu\u0308mer oder Vermieter einer Wohnung<\/li><li>Photovoltaikanlage auf eigener Fla\u0308che bis 20 kWp<\/li><li>Mietsachscha\u0308den an Immobilien<\/li><li>Mietsachscha\u0308den am Inventar der Reiseunterkunft<\/li><li>Mietsachscha\u0308den an Markisen und Rollos<\/li><li>Scha\u0308den bei Sturm und Dachlawinen<\/li><li>Mietsachscha\u0308den am Inventar in Kur- und Seniorenheimen so-wie in Reha- und Pflegeeinrichtungen<\/li><li>Verlust privater oder ehrenamtlicher Schlu\u0308ssel<\/li><li>Gefa\u0308lligkeitsscha\u0308den Privathaftpflicht<\/li><li>Freizeitaktivita\u0308ten, Radfahren (auch Pedelecs bis 25 km\/h)<\/li><li>Eigene Surfbretter, eigene Segelboote bis 15 qm Segelfla\u0308che, eigene Motorboote bis 11 kW Motorleistung<\/li><li>Fremde Surfbretter, fremde Segelboote, fremde Motorboote bis 110 kW Motorleistung<\/li><li>Ehrenamtliche Ta\u0308tigkeiten (auch verantwortliche) in Vereinen (au\u00dfer Vorstand)<\/li><li>Tierhu\u0308ter fremder Tiere, Reiten fremder Pferde<\/li><li>Flugmodelle \/ Drohnen bis 250 g<\/li><li>Internetnutzung<\/li><li>Auslandsscha\u0308den weltweit<\/li><\/ul><\/li><\/ul><p>Privat-Haftpflicht Plus<\/p><\/div><div class=\"column\"><div class=\"page\" title=\"Page 2\"><div class=\"layoutArea\"><div class=\"column\"><p>Mitversichert beim Risiko &#8222;Privat-Haftpflicht Plus&#8220; sind folgende zusa\u0308tzliche Leistungen:<\/p><ul><li>Forderungsausfall<\/li><li>Deckungssummenerho\u0308hung bei Mietsachscha\u0308den Privathaftpflicht<\/li><li>Verlust dienstlicher Schlu\u0308ssel<\/li><li>Eigenscha\u0308den durch nicht deliktsfa\u0308hige Enkelkinder<\/li><li>Eigenschadendeckung bei Verkehrsunfa\u0308llen<\/li><li>Scha\u0308den an geliehenen \/ gemieteten Sachen (auch an medizini-schen Gera\u0308ten)<\/li><li>Perso\u0308nlichkeits- und Namensrechtsverletzungen<\/li><li>Flugmodelle \/ Drohnen bis 1 kg<\/li><li>Scha\u0308den Dritter durch Be- und Entladen an Kfz<\/li><li>Scha\u0308den durch nicht deliktsfa\u0308hige Kinder beim Ein- und Aussteigenaus Kfz<\/li><li>Vorsatzscha\u0308den durch Kinder (bis zur Vollendung des 10. Lebensjahres)<\/li><li>Cybermobbing &#8211; Abwehr unberechtigter Anspru\u0308che<\/li><\/ul><p>Das Ganze w\u00fcrde mtl. 8,79 EUR oder 99,99 EUR im Jahr kosten, f\u00fcr unter 25-j\u00e4hrige noch etwas g\u00fcnstiger.<\/p><p>Wer hierf\u00fcr mal ein individuelles Angebot haben m\u00f6chte mag sich bitte einmal per <a href=\"mailto:versicherung@grcw-ev.de\">Email<\/a> mit dem Stichwort GRCW-Basher-Haftpflicht an unseren Spezialisten wenden&#8230;<\/p><\/div><\/div><\/div><\/div><\/div><\/div>\t\t\t\t\t\t\t\t<\/div>\n\t\t\t\t<\/div>\n\t\t\t\t\t<\/div>\n\t\t<\/div>\n\t\t\t\t\t<\/div>\n\t\t<\/section>\n\t\t\t\t<\/div>\n\t\t","protected":false},"excerpt":{"rendered":"<p>Wie wir alle wissen ist die Haftpflichtversicherungen eine der wichtigsten Versicherungen f\u00fcr jeden Privatmann\/-Frau und Familien. Schnell ist mal was passiert und dann ist guter Rat meist teuer \ud83d\ude41 Drohnenpiloten und Piloten anderer RC-gesteuerter Flugger\u00e4te kennen das Problem und dort ist es eine echte Pflichtversicherung, leider decken die Versicherungen f\u00fcr Drohnen und Flugmaschinen unsere vierr\u00e4drigen [&hellip;]<\/p>\n","protected":false},"author":2,"featured_media":0,"parent":7937,"menu_order":0,"comment_status":"closed","ping_status":"closed","template":"elementor_header_footer","meta":{"footnotes":""},"class_list":["post-7986","page","type-page","status-publish","hentry","entry"],"_links":{"self":[{"href":"https:\/\/www.grcw-ev.de\/index.php?rest_route=\/wp\/v2\/pages\/7986","targetHints":{"allow":["GET"]}}],"collection":[{"href":"https:\/\/www.grcw-ev.de\/index.php?rest_route=\/wp\/v2\/pages"}],"about":[{"href":"https:\/\/www.grcw-ev.de\/index.php?rest_route=\/wp\/v2\/types\/page"}],"author":[{"embeddable":true,"href":"https:\/\/www.grcw-ev.de\/index.php?rest_route=\/wp\/v2\/users\/2"}],"replies":[{"embeddable":true,"href":"https:\/\/www.grcw-ev.de\/index.php?rest_route=%2Fwp%2Fv2%2Fcomments&post=7986"}],"version-history":[{"count":6,"href":"https:\/\/www.grcw-ev.de\/index.php?rest_route=\/wp\/v2\/pages\/7986\/revisions"}],"predecessor-version":[{"id":7992,"href":"https:\/\/www.grcw-ev.de\/index.php?rest_route=\/wp\/v2\/pages\/7986\/revisions\/7992"}],"up":[{"embeddable":true,"href":"https:\/\/www.grcw-ev.de\/index.php?rest_route=\/wp\/v2\/pages\/7937"}],"wp:attachment":[{"href":"https:\/\/www.grcw-ev.de\/index.php?rest_route=%2Fwp%2Fv2%2Fmedia&parent=7986"}],"curies":[{"name":"wp","href":"https:\/\/api.w.org\/{rel}","templated":true}]}}